{"id":1439,"date":"2023-06-30T13:03:46","date_gmt":"2023-06-30T11:03:46","guid":{"rendered":"https:\/\/reottone.com\/territorio\/"},"modified":"2026-03-26T14:18:54","modified_gmt":"2026-03-26T13:18:54","slug":"gebiet","status":"publish","type":"page","link":"https:\/\/reottone.com\/de\/gebiet\/","title":{"rendered":"Gebiet"},"content":{"rendered":"<p>Der Gardasee gilt als eines der bekanntesten und faszinierendsten Reiseziele Italiens. Er ist der gr\u00f6\u00dfte See des Landes und liegt an der Grenze der Regionen Lombardei, Venetien und Trentino-S\u00fcdtirol. Sein kristallklares Wasser, die Kunstst\u00e4dte und malerischen D\u00f6rfer in seiner Umgebung sowie das herrliche Alpenpanorama haben den Gardasee zu einem Muss f\u00fcr italienische und ausl\u00e4ndische Touristen gemacht.<\/p>\n<p>Hier finden Sie einige der beliebtesten Aktivit\u00e4ten und Attraktionen in der Umgebung von Lazise.<\/p>\n","protected":false},"excerpt":{"rendered":"<p>Der Gardasee gilt als eines der bekanntesten und faszinierendsten Reiseziele Italiens. Er ist der gr\u00f6\u00dfte See des Landes und liegt an der Grenze der Regionen Lombardei, Venetien und Trentino-S\u00fcdtirol. Sein kristallklares Wasser, die Kunstst\u00e4dte und malerischen D\u00f6rfer in seiner Umgebung sowie das herrliche Alpenpanorama haben den Gardasee zu einem Muss f\u00fcr italienische und ausl\u00e4ndische Touristen [&hellip;]<\/p>\n","protected":false},"author":1,"featured_media":1133,"parent":0,"menu_order":0,"comment_status":"closed","ping_status":"closed","template":"","meta":{"_acf_changed":false,"footnotes":""},"class_list":["post-1439","page","type-page","status-publish","has-post-thumbnail","hentry"],"acf":[],"yoast_head":"<!-- This site is optimized with the Yoast SEO plugin v27.5 - https:\/\/yoast.com\/product\/yoast-seo-wordpress\/ -->\n<title>Gebiet - ReOttone<\/title>\n<meta name=\"robots\" content=\"index, follow, max-snippet:-1, max-image-preview:large, max-video-preview:-1\" \/>\n<link rel=\"canonical\" href=\"https:\/\/reottone.com\/de\/gebiet\/\" \/>\n<meta property=\"og:locale\" content=\"de_DE\" \/>\n<meta property=\"og:type\" content=\"article\" \/>\n<meta property=\"og:title\" content=\"Gebiet - ReOttone\" \/>\n<meta property=\"og:description\" content=\"Der Gardasee gilt als eines der bekanntesten und faszinierendsten Reiseziele Italiens. Er ist der gr\u00f6\u00dfte See des Landes und liegt an der Grenze der Regionen Lombardei, Venetien und Trentino-S\u00fcdtirol. Sein kristallklares Wasser, die Kunstst\u00e4dte und malerischen D\u00f6rfer in seiner Umgebung sowie das herrliche Alpenpanorama haben den Gardasee zu einem Muss f\u00fcr italienische und ausl\u00e4ndische Touristen [&hellip;]\" \/>\n<meta property=\"og:url\" content=\"https:\/\/reottone.com\/de\/gebiet\/\" \/>\n<meta property=\"og:site_name\" content=\"ReOttone\" \/>\n<meta property=\"article:modified_time\" content=\"2026-03-26T13:18:54+00:00\" \/>\n<meta property=\"og:image\" content=\"https:\/\/reottone.com\/assets\/uploads\/3922A342-E83A-4A92-B0AB-7167010E6124.jpeg\" \/>\n\t<meta property=\"og:image:width\" content=\"1920\" \/>\n\t<meta property=\"og:image:height\" content=\"1411\" \/>\n\t<meta property=\"og:image:type\" content=\"image\/jpeg\" \/>\n<meta name=\"twitter:card\" content=\"summary_large_image\" \/>\n<meta name=\"twitter:label1\" content=\"Gesch\u00e4tzte Lesezeit\" \/>\n\t<meta name=\"twitter:data1\" content=\"9\u00a0Minuten\" \/>\n<script type=\"application\/ld+json\" class=\"yoast-schema-graph\">{\"@context\":\"https:\\\/\\\/schema.org\",\"@graph\":[{\"@type\":\"WebPage\",\"@id\":\"https:\\\/\\\/reottone.com\\\/de\\\/gebiet\\\/\",\"url\":\"https:\\\/\\\/reottone.com\\\/de\\\/gebiet\\\/\",\"name\":\"Gebiet - ReOttone\",\"isPartOf\":{\"@id\":\"https:\\\/\\\/reottone.com\\\/de\\\/#website\"},\"primaryImageOfPage\":{\"@id\":\"https:\\\/\\\/reottone.com\\\/de\\\/gebiet\\\/#primaryimage\"},\"image\":{\"@id\":\"https:\\\/\\\/reottone.com\\\/de\\\/gebiet\\\/#primaryimage\"},\"thumbnailUrl\":\"https:\\\/\\\/reottone.com\\\/assets\\\/uploads\\\/3922A342-E83A-4A92-B0AB-7167010E6124.jpeg\",\"datePublished\":\"2023-06-30T11:03:46+00:00\",\"dateModified\":\"2026-03-26T13:18:54+00:00\",\"breadcrumb\":{\"@id\":\"https:\\\/\\\/reottone.com\\\/de\\\/gebiet\\\/#breadcrumb\"},\"inLanguage\":\"de\",\"potentialAction\":[{\"@type\":\"ReadAction\",\"target\":[\"https:\\\/\\\/reottone.com\\\/de\\\/gebiet\\\/\"]}]},{\"@type\":\"ImageObject\",\"inLanguage\":\"de\",\"@id\":\"https:\\\/\\\/reottone.com\\\/de\\\/gebiet\\\/#primaryimage\",\"url\":\"https:\\\/\\\/reottone.com\\\/assets\\\/uploads\\\/3922A342-E83A-4A92-B0AB-7167010E6124.jpeg\",\"contentUrl\":\"https:\\\/\\\/reottone.com\\\/assets\\\/uploads\\\/3922A342-E83A-4A92-B0AB-7167010E6124.jpeg\",\"width\":1920,\"height\":1411,\"caption\":\"default\"},{\"@type\":\"BreadcrumbList\",\"@id\":\"https:\\\/\\\/reottone.com\\\/de\\\/gebiet\\\/#breadcrumb\",\"itemListElement\":[{\"@type\":\"ListItem\",\"position\":1,\"name\":\"Home\",\"item\":\"https:\\\/\\\/reottone.com\\\/de\\\/\"},{\"@type\":\"ListItem\",\"position\":2,\"name\":\"Gebiet\"}]},{\"@type\":\"WebSite\",\"@id\":\"https:\\\/\\\/reottone.com\\\/de\\\/#website\",\"url\":\"https:\\\/\\\/reottone.com\\\/de\\\/\",\"name\":\"ReOttone\",\"description\":\"Rooms Lazise - Garda Lake Italy\",\"publisher\":{\"@id\":\"https:\\\/\\\/reottone.com\\\/de\\\/#organization\"},\"potentialAction\":[{\"@type\":\"SearchAction\",\"target\":{\"@type\":\"EntryPoint\",\"urlTemplate\":\"https:\\\/\\\/reottone.com\\\/de\\\/?s={search_term_string}\"},\"query-input\":{\"@type\":\"PropertyValueSpecification\",\"valueRequired\":true,\"valueName\":\"search_term_string\"}}],\"inLanguage\":\"de\"},{\"@type\":\"Organization\",\"@id\":\"https:\\\/\\\/reottone.com\\\/de\\\/#organization\",\"name\":\"ReOttone\",\"url\":\"https:\\\/\\\/reottone.com\\\/de\\\/\",\"logo\":{\"@type\":\"ImageObject\",\"inLanguage\":\"de\",\"@id\":\"https:\\\/\\\/reottone.com\\\/de\\\/#\\\/schema\\\/logo\\\/image\\\/\",\"url\":\"https:\\\/\\\/reottone.com\\\/assets\\\/uploads\\\/logo-short.svg\",\"contentUrl\":\"https:\\\/\\\/reottone.com\\\/assets\\\/uploads\\\/logo-short.svg\",\"width\":1,\"height\":1,\"caption\":\"ReOttone\"},\"image\":{\"@id\":\"https:\\\/\\\/reottone.com\\\/de\\\/#\\\/schema\\\/logo\\\/image\\\/\"}}]}<\/script>\n<!-- \/ Yoast SEO plugin. -->","yoast_head_json":{"title":"Gebiet - ReOttone","robots":{"index":"index","follow":"follow","max-snippet":"max-snippet:-1","max-image-preview":"max-image-preview:large","max-video-preview":"max-video-preview:-1"},"canonical":"https:\/\/reottone.com\/de\/gebiet\/","og_locale":"de_DE","og_type":"article","og_title":"Gebiet - ReOttone","og_description":"Der Gardasee gilt als eines der bekanntesten und faszinierendsten Reiseziele Italiens. Er ist der gr\u00f6\u00dfte See des Landes und liegt an der Grenze der Regionen Lombardei, Venetien und Trentino-S\u00fcdtirol. Sein kristallklares Wasser, die Kunstst\u00e4dte und malerischen D\u00f6rfer in seiner Umgebung sowie das herrliche Alpenpanorama haben den Gardasee zu einem Muss f\u00fcr italienische und ausl\u00e4ndische Touristen [&hellip;]","og_url":"https:\/\/reottone.com\/de\/gebiet\/","og_site_name":"ReOttone","article_modified_time":"2026-03-26T13:18:54+00:00","og_image":[{"width":1920,"height":1411,"url":"https:\/\/reottone.com\/assets\/uploads\/3922A342-E83A-4A92-B0AB-7167010E6124.jpeg","type":"image\/jpeg"}],"twitter_card":"summary_large_image","twitter_misc":{"Gesch\u00e4tzte Lesezeit":"9\u00a0Minuten"},"schema":{"@context":"https:\/\/schema.org","@graph":[{"@type":"WebPage","@id":"https:\/\/reottone.com\/de\/gebiet\/","url":"https:\/\/reottone.com\/de\/gebiet\/","name":"Gebiet - ReOttone","isPartOf":{"@id":"https:\/\/reottone.com\/de\/#website"},"primaryImageOfPage":{"@id":"https:\/\/reottone.com\/de\/gebiet\/#primaryimage"},"image":{"@id":"https:\/\/reottone.com\/de\/gebiet\/#primaryimage"},"thumbnailUrl":"https:\/\/reottone.com\/assets\/uploads\/3922A342-E83A-4A92-B0AB-7167010E6124.jpeg","datePublished":"2023-06-30T11:03:46+00:00","dateModified":"2026-03-26T13:18:54+00:00","breadcrumb":{"@id":"https:\/\/reottone.com\/de\/gebiet\/#breadcrumb"},"inLanguage":"de","potentialAction":[{"@type":"ReadAction","target":["https:\/\/reottone.com\/de\/gebiet\/"]}]},{"@type":"ImageObject","inLanguage":"de","@id":"https:\/\/reottone.com\/de\/gebiet\/#primaryimage","url":"https:\/\/reottone.com\/assets\/uploads\/3922A342-E83A-4A92-B0AB-7167010E6124.jpeg","contentUrl":"https:\/\/reottone.com\/assets\/uploads\/3922A342-E83A-4A92-B0AB-7167010E6124.jpeg","width":1920,"height":1411,"caption":"default"},{"@type":"BreadcrumbList","@id":"https:\/\/reottone.com\/de\/gebiet\/#breadcrumb","itemListElement":[{"@type":"ListItem","position":1,"name":"Home","item":"https:\/\/reottone.com\/de\/"},{"@type":"ListItem","position":2,"name":"Gebiet"}]},{"@type":"WebSite","@id":"https:\/\/reottone.com\/de\/#website","url":"https:\/\/reottone.com\/de\/","name":"ReOttone","description":"Rooms Lazise - Garda Lake Italy","publisher":{"@id":"https:\/\/reottone.com\/de\/#organization"},"potentialAction":[{"@type":"SearchAction","target":{"@type":"EntryPoint","urlTemplate":"https:\/\/reottone.com\/de\/?s={search_term_string}"},"query-input":{"@type":"PropertyValueSpecification","valueRequired":true,"valueName":"search_term_string"}}],"inLanguage":"de"},{"@type":"Organization","@id":"https:\/\/reottone.com\/de\/#organization","name":"ReOttone","url":"https:\/\/reottone.com\/de\/","logo":{"@type":"ImageObject","inLanguage":"de","@id":"https:\/\/reottone.com\/de\/#\/schema\/logo\/image\/","url":"https:\/\/reottone.com\/assets\/uploads\/logo-short.svg","contentUrl":"https:\/\/reottone.com\/assets\/uploads\/logo-short.svg","width":1,"height":1,"caption":"ReOttone"},"image":{"@id":"https:\/\/reottone.com\/de\/#\/schema\/logo\/image\/"}}]}},"_links":{"self":[{"href":"https:\/\/reottone.com\/de\/wp-json\/wp\/v2\/pages\/1439","targetHints":{"allow":["GET"]}}],"collection":[{"href":"https:\/\/reottone.com\/de\/wp-json\/wp\/v2\/pages"}],"about":[{"href":"https:\/\/reottone.com\/de\/wp-json\/wp\/v2\/types\/page"}],"author":[{"embeddable":true,"href":"https:\/\/reottone.com\/de\/wp-json\/wp\/v2\/users\/1"}],"replies":[{"embeddable":true,"href":"https:\/\/reottone.com\/de\/wp-json\/wp\/v2\/comments?post=1439"}],"version-history":[{"count":9,"href":"https:\/\/reottone.com\/de\/wp-json\/wp\/v2\/pages\/1439\/revisions"}],"predecessor-version":[{"id":1883,"href":"https:\/\/reottone.com\/de\/wp-json\/wp\/v2\/pages\/1439\/revisions\/1883"}],"wp:featuredmedia":[{"embeddable":true,"href":"https:\/\/reottone.com\/de\/wp-json\/wp\/v2\/media\/1133"}],"wp:attachment":[{"href":"https:\/\/reottone.com\/de\/wp-json\/wp\/v2\/media?parent=1439"}],"curies":[{"name":"wp","href":"https:\/\/api.w.org\/{rel}","templated":true}]}}