{"id":1419,"date":"2023-06-30T12:24:03","date_gmt":"2023-06-30T10:24:03","guid":{"rendered":"https:\/\/reottone.com\/home\/"},"modified":"2024-06-22T12:11:18","modified_gmt":"2024-06-22T10:11:18","slug":"home","status":"publish","type":"page","link":"https:\/\/reottone.com\/de\/","title":{"rendered":"Home"},"content":{"rendered":"<p>W\u00e4hrend Ihres Aufenthaltes bei Re Ottone k\u00f6nnen Sie sich entspannen, in die atemberaubende Sch\u00f6nheit des Gardasees eintauchen und unvergessliche Erinnerungen erleben, die Sie f\u00fcr immer in Ihrem Herzen tragen werden. Unser Ziel ist es, Ihren Urlaub unvergesslich und wertvoll zu machen, so wie die Momente, die Sie in diesem magischen Land verbringen werden, in das Sie sich mit Sicherheit verlieben werden!<\/p>\n","protected":false},"excerpt":{"rendered":"<p>W\u00e4hrend Ihres Aufenthaltes bei Re Ottone k\u00f6nnen Sie sich entspannen, in die atemberaubende Sch\u00f6nheit des Gardasees eintauchen und unvergessliche Erinnerungen erleben, die Sie f\u00fcr immer in Ihrem Herzen tragen werden. Unser Ziel ist es, Ihren Urlaub unvergesslich und wertvoll zu machen, so wie die Momente, die Sie in diesem magischen Land verbringen werden, in das [&hellip;]<\/p>\n","protected":false},"author":1,"featured_media":1177,"parent":0,"menu_order":0,"comment_status":"closed","ping_status":"closed","template":"index.php","meta":{"_acf_changed":false,"footnotes":""},"class_list":["post-1419","page","type-page","status-publish","has-post-thumbnail","hentry"],"acf":[],"yoast_head":"<!-- This site is optimized with the Yoast SEO plugin v27.5 - https:\/\/yoast.com\/product\/yoast-seo-wordpress\/ -->\n<title>Home - ReOttone<\/title>\n<meta name=\"robots\" content=\"index, follow, max-snippet:-1, max-image-preview:large, max-video-preview:-1\" \/>\n<link rel=\"canonical\" href=\"https:\/\/reottone.com\/de\/\" \/>\n<meta property=\"og:locale\" content=\"de_DE\" \/>\n<meta property=\"og:type\" content=\"article\" \/>\n<meta property=\"og:title\" content=\"Home - ReOttone\" \/>\n<meta property=\"og:description\" content=\"W\u00e4hrend Ihres Aufenthaltes bei Re Ottone k\u00f6nnen Sie sich entspannen, in die atemberaubende Sch\u00f6nheit des Gardasees eintauchen und unvergessliche Erinnerungen erleben, die Sie f\u00fcr immer in Ihrem Herzen tragen werden. Unser Ziel ist es, Ihren Urlaub unvergesslich und wertvoll zu machen, so wie die Momente, die Sie in diesem magischen Land verbringen werden, in das [&hellip;]\" \/>\n<meta property=\"og:url\" content=\"https:\/\/reottone.com\/de\/\" \/>\n<meta property=\"og:site_name\" content=\"ReOttone\" \/>\n<meta property=\"article:modified_time\" content=\"2024-06-22T10:11:18+00:00\" \/>\n<meta property=\"og:image\" content=\"https:\/\/reottone.com\/assets\/uploads\/ART_1943.jpg\" \/>\n\t<meta property=\"og:image:width\" content=\"1920\" \/>\n\t<meta property=\"og:image:height\" content=\"1280\" \/>\n\t<meta property=\"og:image:type\" content=\"image\/jpeg\" \/>\n<meta name=\"twitter:card\" content=\"summary_large_image\" \/>\n<meta name=\"twitter:label1\" content=\"Gesch\u00e4tzte Lesezeit\" \/>\n\t<meta name=\"twitter:data1\" content=\"3\u00a0Minuten\" \/>\n<script type=\"application\/ld+json\" class=\"yoast-schema-graph\">{\"@context\":\"https:\\\/\\\/schema.org\",\"@graph\":[{\"@type\":\"WebPage\",\"@id\":\"https:\\\/\\\/reottone.com\\\/de\\\/\",\"url\":\"https:\\\/\\\/reottone.com\\\/de\\\/\",\"name\":\"Home - ReOttone\",\"isPartOf\":{\"@id\":\"https:\\\/\\\/reottone.com\\\/de\\\/#website\"},\"primaryImageOfPage\":{\"@id\":\"https:\\\/\\\/reottone.com\\\/de\\\/#primaryimage\"},\"image\":{\"@id\":\"https:\\\/\\\/reottone.com\\\/de\\\/#primaryimage\"},\"thumbnailUrl\":\"https:\\\/\\\/reottone.com\\\/assets\\\/uploads\\\/ART_1943.jpg\",\"datePublished\":\"2023-06-30T10:24:03+00:00\",\"dateModified\":\"2024-06-22T10:11:18+00:00\",\"breadcrumb\":{\"@id\":\"https:\\\/\\\/reottone.com\\\/de\\\/#breadcrumb\"},\"inLanguage\":\"de\",\"potentialAction\":[{\"@type\":\"ReadAction\",\"target\":[\"https:\\\/\\\/reottone.com\\\/de\\\/\"]}]},{\"@type\":\"ImageObject\",\"inLanguage\":\"de\",\"@id\":\"https:\\\/\\\/reottone.com\\\/de\\\/#primaryimage\",\"url\":\"https:\\\/\\\/reottone.com\\\/assets\\\/uploads\\\/ART_1943.jpg\",\"contentUrl\":\"https:\\\/\\\/reottone.com\\\/assets\\\/uploads\\\/ART_1943.jpg\",\"width\":1920,\"height\":1280},{\"@type\":\"BreadcrumbList\",\"@id\":\"https:\\\/\\\/reottone.com\\\/de\\\/#breadcrumb\",\"itemListElement\":[{\"@type\":\"ListItem\",\"position\":1,\"name\":\"Home\",\"item\":\"https:\\\/\\\/reottone.com\\\/de\\\/\"},{\"@type\":\"ListItem\",\"position\":2,\"name\":\"Home\"}]},{\"@type\":\"WebSite\",\"@id\":\"https:\\\/\\\/reottone.com\\\/de\\\/#website\",\"url\":\"https:\\\/\\\/reottone.com\\\/de\\\/\",\"name\":\"ReOttone\",\"description\":\"Rooms Lazise - Garda Lake Italy\",\"publisher\":{\"@id\":\"https:\\\/\\\/reottone.com\\\/de\\\/#organization\"},\"potentialAction\":[{\"@type\":\"SearchAction\",\"target\":{\"@type\":\"EntryPoint\",\"urlTemplate\":\"https:\\\/\\\/reottone.com\\\/de\\\/?s={search_term_string}\"},\"query-input\":{\"@type\":\"PropertyValueSpecification\",\"valueRequired\":true,\"valueName\":\"search_term_string\"}}],\"inLanguage\":\"de\"},{\"@type\":\"Organization\",\"@id\":\"https:\\\/\\\/reottone.com\\\/de\\\/#organization\",\"name\":\"ReOttone\",\"url\":\"https:\\\/\\\/reottone.com\\\/de\\\/\",\"logo\":{\"@type\":\"ImageObject\",\"inLanguage\":\"de\",\"@id\":\"https:\\\/\\\/reottone.com\\\/de\\\/#\\\/schema\\\/logo\\\/image\\\/\",\"url\":\"https:\\\/\\\/reottone.com\\\/assets\\\/uploads\\\/logo-short.svg\",\"contentUrl\":\"https:\\\/\\\/reottone.com\\\/assets\\\/uploads\\\/logo-short.svg\",\"width\":1,\"height\":1,\"caption\":\"ReOttone\"},\"image\":{\"@id\":\"https:\\\/\\\/reottone.com\\\/de\\\/#\\\/schema\\\/logo\\\/image\\\/\"}}]}<\/script>\n<!-- \/ Yoast SEO plugin. -->","yoast_head_json":{"title":"Home - ReOttone","robots":{"index":"index","follow":"follow","max-snippet":"max-snippet:-1","max-image-preview":"max-image-preview:large","max-video-preview":"max-video-preview:-1"},"canonical":"https:\/\/reottone.com\/de\/","og_locale":"de_DE","og_type":"article","og_title":"Home - ReOttone","og_description":"W\u00e4hrend Ihres Aufenthaltes bei Re Ottone k\u00f6nnen Sie sich entspannen, in die atemberaubende Sch\u00f6nheit des Gardasees eintauchen und unvergessliche Erinnerungen erleben, die Sie f\u00fcr immer in Ihrem Herzen tragen werden. Unser Ziel ist es, Ihren Urlaub unvergesslich und wertvoll zu machen, so wie die Momente, die Sie in diesem magischen Land verbringen werden, in das [&hellip;]","og_url":"https:\/\/reottone.com\/de\/","og_site_name":"ReOttone","article_modified_time":"2024-06-22T10:11:18+00:00","og_image":[{"width":1920,"height":1280,"url":"https:\/\/reottone.com\/assets\/uploads\/ART_1943.jpg","type":"image\/jpeg"}],"twitter_card":"summary_large_image","twitter_misc":{"Gesch\u00e4tzte Lesezeit":"3\u00a0Minuten"},"schema":{"@context":"https:\/\/schema.org","@graph":[{"@type":"WebPage","@id":"https:\/\/reottone.com\/de\/","url":"https:\/\/reottone.com\/de\/","name":"Home - ReOttone","isPartOf":{"@id":"https:\/\/reottone.com\/de\/#website"},"primaryImageOfPage":{"@id":"https:\/\/reottone.com\/de\/#primaryimage"},"image":{"@id":"https:\/\/reottone.com\/de\/#primaryimage"},"thumbnailUrl":"https:\/\/reottone.com\/assets\/uploads\/ART_1943.jpg","datePublished":"2023-06-30T10:24:03+00:00","dateModified":"2024-06-22T10:11:18+00:00","breadcrumb":{"@id":"https:\/\/reottone.com\/de\/#breadcrumb"},"inLanguage":"de","potentialAction":[{"@type":"ReadAction","target":["https:\/\/reottone.com\/de\/"]}]},{"@type":"ImageObject","inLanguage":"de","@id":"https:\/\/reottone.com\/de\/#primaryimage","url":"https:\/\/reottone.com\/assets\/uploads\/ART_1943.jpg","contentUrl":"https:\/\/reottone.com\/assets\/uploads\/ART_1943.jpg","width":1920,"height":1280},{"@type":"BreadcrumbList","@id":"https:\/\/reottone.com\/de\/#breadcrumb","itemListElement":[{"@type":"ListItem","position":1,"name":"Home","item":"https:\/\/reottone.com\/de\/"},{"@type":"ListItem","position":2,"name":"Home"}]},{"@type":"WebSite","@id":"https:\/\/reottone.com\/de\/#website","url":"https:\/\/reottone.com\/de\/","name":"ReOttone","description":"Rooms Lazise - Garda Lake Italy","publisher":{"@id":"https:\/\/reottone.com\/de\/#organization"},"potentialAction":[{"@type":"SearchAction","target":{"@type":"EntryPoint","urlTemplate":"https:\/\/reottone.com\/de\/?s={search_term_string}"},"query-input":{"@type":"PropertyValueSpecification","valueRequired":true,"valueName":"search_term_string"}}],"inLanguage":"de"},{"@type":"Organization","@id":"https:\/\/reottone.com\/de\/#organization","name":"ReOttone","url":"https:\/\/reottone.com\/de\/","logo":{"@type":"ImageObject","inLanguage":"de","@id":"https:\/\/reottone.com\/de\/#\/schema\/logo\/image\/","url":"https:\/\/reottone.com\/assets\/uploads\/logo-short.svg","contentUrl":"https:\/\/reottone.com\/assets\/uploads\/logo-short.svg","width":1,"height":1,"caption":"ReOttone"},"image":{"@id":"https:\/\/reottone.com\/de\/#\/schema\/logo\/image\/"}}]}},"_links":{"self":[{"href":"https:\/\/reottone.com\/de\/wp-json\/wp\/v2\/pages\/1419","targetHints":{"allow":["GET"]}}],"collection":[{"href":"https:\/\/reottone.com\/de\/wp-json\/wp\/v2\/pages"}],"about":[{"href":"https:\/\/reottone.com\/de\/wp-json\/wp\/v2\/types\/page"}],"author":[{"embeddable":true,"href":"https:\/\/reottone.com\/de\/wp-json\/wp\/v2\/users\/1"}],"replies":[{"embeddable":true,"href":"https:\/\/reottone.com\/de\/wp-json\/wp\/v2\/comments?post=1419"}],"version-history":[{"count":5,"href":"https:\/\/reottone.com\/de\/wp-json\/wp\/v2\/pages\/1419\/revisions"}],"predecessor-version":[{"id":1832,"href":"https:\/\/reottone.com\/de\/wp-json\/wp\/v2\/pages\/1419\/revisions\/1832"}],"wp:featuredmedia":[{"embeddable":true,"href":"https:\/\/reottone.com\/de\/wp-json\/wp\/v2\/media\/1177"}],"wp:attachment":[{"href":"https:\/\/reottone.com\/de\/wp-json\/wp\/v2\/media?parent=1419"}],"curies":[{"name":"wp","href":"https:\/\/api.w.org\/{rel}","templated":true}]}}